{"id":95,"date":"2018-10-24T04:04:18","date_gmt":"2018-10-24T04:04:18","guid":{"rendered":"https:\/\/futuriodemos.com\/default-demo\/?page_id=95"},"modified":"2021-09-11T11:36:13","modified_gmt":"2021-09-11T11:36:13","slug":"page-with-right-sidebar","status":"publish","type":"page","link":"https:\/\/suncityworkshop.xyz\/index.php\/page-with-right-sidebar\/","title":{"rendered":"CNC stakli\u0173 gamyba"},"content":{"rendered":"\t\t<div data-elementor-type=\"wp-page\" data-elementor-id=\"95\" class=\"elementor elementor-95\" data-elementor-settings=\"[]\">\n\t\t\t\t\t\t\t<div class=\"elementor-section-wrap\">\n\t\t\t\t\t\t\t<section class=\"elementor-section elementor-top-section elementor-element elementor-element-a1b7203 elementor-section-boxed elementor-section-height-default elementor-section-height-default\" data-id=\"a1b7203\" data-element_type=\"section\">\n\t\t\t\t\t\t<div class=\"elementor-container elementor-column-gap-default\">\n\t\t\t\t\t<div class=\"elementor-column elementor-col-100 elementor-top-column elementor-element elementor-element-5ed25021\" data-id=\"5ed25021\" data-element_type=\"column\">\n\t\t\t<div class=\"elementor-widget-wrap elementor-element-populated\">\n\t\t\t\t\t\t\t\t<div class=\"elementor-element elementor-element-7bb90bfd elementor-widget elementor-widget-text-editor\" data-id=\"7bb90bfd\" data-element_type=\"widget\" data-widget_type=\"text-editor.default\">\n\t\t\t\t<div class=\"elementor-widget-container\">\n\t\t\t\t\t\t\t\t<p>Gaminame CNC frezavimo stakles su automatiniu \u012franki\u0173 keitimu (ATC), vakuuminiu stalu, pneumatin\u0117mis atramomis. Stakl\u0117s yra masyvios, pagamintos i\u0161 storasieni\u0173 vamzd\u017ei\u0173 8mm, visos kreipian\u010di\u0173j\u0173, krumpliastiebi\u0173 plok\u0161tumos \u2013 frezuotos. Kreipian\u010di\u0105sias, guolius, krumpliastiebius su krumpliara\u010diais naudojame gamintojo HIWIN ir Apex Dynamics . Servo varikliai su planetiniais reduktoriais, kuri\u0173 tikslumas yra iki 5 arc\/min.\u00a0<\/p><p>Yra galimyb\u0117 gaminti \u012fvairi\u0173 matmen\u0173 CNC stakles. Suklys (toliau &#8211; \u0160pindelis) ir varikliai parenkami pagal kliento poreikius.<\/p><p>Vykdome stakli\u0173 valdymo sistemos apmokymus.<\/p><p>Garantinis (po garantinis) aptarnavimas.<\/p><p>Darbinis plotas: 2100x3000x250mm.<br \/>Kreipian\u010diosios, kariet\u0117l\u0117s Hiwin.<br \/>Krumliastiebiai ir krumpliara\u010diai Apex dynamics.<br \/>Servo varikliai &#8211; 1kw.<br \/>Planetiniai reduktoriai &#8211; 10:1, 5 arc\/min.<br \/>Vakuuminis siurblys.<br \/>Pneumatines atramos.<br \/>\u012eranki\u0173 keitimas ATC.<br \/>\u0160pindelio variklis &#8211; 4,5kw.<br \/>Stakli\u0173 valdymo sistema MASSO. <a href=\"http:\/\/www.masso.com.au\">www.masso.com.au<\/a><br \/>Stakli\u0173 jud\u0117jimo greitis 45000 mm\/min.<\/p><p>Daugiau informacijos telefonu: +37067114287 , +37065810737.<\/p>\t\t\t\t\t\t<\/div>\n\t\t\t\t<\/div>\n\t\t\t\t\t<\/div>\n\t\t<\/div>\n\t\t\t\t\t\t\t<\/div>\n\t\t<\/section>\n\t\t\t\t<section class=\"elementor-section elementor-top-section elementor-element elementor-element-4e07041 elementor-section-boxed elementor-section-height-default elementor-section-height-default\" data-id=\"4e07041\" data-element_type=\"section\">\n\t\t\t\t\t\t<div class=\"elementor-container elementor-column-gap-default\">\n\t\t\t\t\t<div class=\"elementor-column elementor-col-100 elementor-top-column elementor-element elementor-element-0215c4d\" data-id=\"0215c4d\" data-element_type=\"column\">\n\t\t\t<div class=\"elementor-widget-wrap elementor-element-populated\">\n\t\t\t\t\t\t\t\t<div class=\"elementor-element elementor-element-3926e0e elementor-arrows-position-inside elementor-pagination-position-outside elementor-widget elementor-widget-image-carousel\" data-id=\"3926e0e\" data-element_type=\"widget\" data-settings=\"{&quot;navigation&quot;:&quot;both&quot;,&quot;autoplay&quot;:&quot;yes&quot;,&quot;pause_on_hover&quot;:&quot;yes&quot;,&quot;pause_on_interaction&quot;:&quot;yes&quot;,&quot;autoplay_speed&quot;:5000,&quot;infinite&quot;:&quot;yes&quot;,&quot;speed&quot;:500}\" data-widget_type=\"image-carousel.default\">\n\t\t\t\t<div class=\"elementor-widget-container\">\n\t\t\t\t\t<div class=\"elementor-image-carousel-wrapper swiper-container\" dir=\"ltr\">\n\t\t\t<div class=\"elementor-image-carousel swiper-wrapper\">\n\t\t\t\t<div class=\"swiper-slide\"><a data-elementor-open-lightbox=\"yes\" data-elementor-lightbox-slideshow=\"3926e0e\" data-elementor-lightbox-title=\"DSC00031\" href=\"https:\/\/suncityworkshop.xyz\/wp-content\/uploads\/2021\/09\/DSC00031-scaled.jpg\"><figure class=\"swiper-slide-inner\"><img class=\"swiper-slide-image\" src=\"https:\/\/suncityworkshop.xyz\/wp-content\/uploads\/2021\/09\/DSC00031-300x200.jpg\" alt=\"DSC00031\" \/><\/figure><\/a><\/div><div class=\"swiper-slide\"><a data-elementor-open-lightbox=\"yes\" data-elementor-lightbox-slideshow=\"3926e0e\" data-elementor-lightbox-title=\"DSC00052\" href=\"https:\/\/suncityworkshop.xyz\/wp-content\/uploads\/2021\/09\/DSC00052-scaled.jpg\"><figure class=\"swiper-slide-inner\"><img class=\"swiper-slide-image\" src=\"https:\/\/suncityworkshop.xyz\/wp-content\/uploads\/2021\/09\/DSC00052-300x200.jpg\" alt=\"DSC00052\" \/><\/figure><\/a><\/div><div class=\"swiper-slide\"><a data-elementor-open-lightbox=\"yes\" data-elementor-lightbox-slideshow=\"3926e0e\" data-elementor-lightbox-title=\"DSC00064\" href=\"https:\/\/suncityworkshop.xyz\/wp-content\/uploads\/2021\/09\/DSC00064-scaled.jpg\"><figure class=\"swiper-slide-inner\"><img class=\"swiper-slide-image\" src=\"https:\/\/suncityworkshop.xyz\/wp-content\/uploads\/2021\/09\/DSC00064-300x200.jpg\" alt=\"DSC00064\" \/><\/figure><\/a><\/div><div class=\"swiper-slide\"><a data-elementor-open-lightbox=\"yes\" data-elementor-lightbox-slideshow=\"3926e0e\" data-elementor-lightbox-title=\"DSC00072\" href=\"https:\/\/suncityworkshop.xyz\/wp-content\/uploads\/2021\/09\/DSC00072-scaled.jpg\"><figure class=\"swiper-slide-inner\"><img class=\"swiper-slide-image\" src=\"https:\/\/suncityworkshop.xyz\/wp-content\/uploads\/2021\/09\/DSC00072-300x200.jpg\" alt=\"DSC00072\" \/><\/figure><\/a><\/div><div class=\"swiper-slide\"><a data-elementor-open-lightbox=\"yes\" data-elementor-lightbox-slideshow=\"3926e0e\" data-elementor-lightbox-title=\"DSC00073\" href=\"https:\/\/suncityworkshop.xyz\/wp-content\/uploads\/2021\/09\/DSC00073-scaled.jpg\"><figure class=\"swiper-slide-inner\"><img class=\"swiper-slide-image\" src=\"https:\/\/suncityworkshop.xyz\/wp-content\/uploads\/2021\/09\/DSC00073-300x200.jpg\" alt=\"DSC00073\" \/><\/figure><\/a><\/div><div class=\"swiper-slide\"><a data-elementor-open-lightbox=\"yes\" data-elementor-lightbox-slideshow=\"3926e0e\" data-elementor-lightbox-title=\"DSC00078\" href=\"https:\/\/suncityworkshop.xyz\/wp-content\/uploads\/2021\/09\/DSC00078-scaled.jpg\"><figure class=\"swiper-slide-inner\"><img class=\"swiper-slide-image\" src=\"https:\/\/suncityworkshop.xyz\/wp-content\/uploads\/2021\/09\/DSC00078-300x200.jpg\" alt=\"DSC00078\" \/><\/figure><\/a><\/div><div class=\"swiper-slide\"><a data-elementor-open-lightbox=\"yes\" data-elementor-lightbox-slideshow=\"3926e0e\" data-elementor-lightbox-title=\"DSC00080\" href=\"https:\/\/suncityworkshop.xyz\/wp-content\/uploads\/2021\/09\/DSC00080-scaled.jpg\"><figure class=\"swiper-slide-inner\"><img class=\"swiper-slide-image\" src=\"https:\/\/suncityworkshop.xyz\/wp-content\/uploads\/2021\/09\/DSC00080-200x300.jpg\" alt=\"DSC00080\" \/><\/figure><\/a><\/div><div class=\"swiper-slide\"><a data-elementor-open-lightbox=\"yes\" data-elementor-lightbox-slideshow=\"3926e0e\" data-elementor-lightbox-title=\"DSC00091\" href=\"https:\/\/suncityworkshop.xyz\/wp-content\/uploads\/2021\/09\/DSC00091-scaled.jpg\"><figure class=\"swiper-slide-inner\"><img class=\"swiper-slide-image\" src=\"https:\/\/suncityworkshop.xyz\/wp-content\/uploads\/2021\/09\/DSC00091-300x200.jpg\" alt=\"DSC00091\" \/><\/figure><\/a><\/div><div class=\"swiper-slide\"><a data-elementor-open-lightbox=\"yes\" data-elementor-lightbox-slideshow=\"3926e0e\" data-elementor-lightbox-title=\"DSC00112\" href=\"https:\/\/suncityworkshop.xyz\/wp-content\/uploads\/2021\/09\/DSC00112-scaled.jpg\"><figure class=\"swiper-slide-inner\"><img class=\"swiper-slide-image\" src=\"https:\/\/suncityworkshop.xyz\/wp-content\/uploads\/2021\/09\/DSC00112-300x200.jpg\" alt=\"DSC00112\" \/><\/figure><\/a><\/div><div class=\"swiper-slide\"><a data-elementor-open-lightbox=\"yes\" data-elementor-lightbox-slideshow=\"3926e0e\" data-elementor-lightbox-title=\"DSC00115\" href=\"https:\/\/suncityworkshop.xyz\/wp-content\/uploads\/2021\/09\/DSC00115-scaled.jpg\"><figure class=\"swiper-slide-inner\"><img class=\"swiper-slide-image\" src=\"https:\/\/suncityworkshop.xyz\/wp-content\/uploads\/2021\/09\/DSC00115-300x200.jpg\" alt=\"DSC00115\" \/><\/figure><\/a><\/div><div class=\"swiper-slide\"><a data-elementor-open-lightbox=\"yes\" data-elementor-lightbox-slideshow=\"3926e0e\" data-elementor-lightbox-title=\"DSC00123\" href=\"https:\/\/suncityworkshop.xyz\/wp-content\/uploads\/2021\/09\/DSC00123-scaled.jpg\"><figure class=\"swiper-slide-inner\"><img class=\"swiper-slide-image\" src=\"https:\/\/suncityworkshop.xyz\/wp-content\/uploads\/2021\/09\/DSC00123-300x200.jpg\" alt=\"DSC00123\" \/><\/figure><\/a><\/div><div class=\"swiper-slide\"><a data-elementor-open-lightbox=\"yes\" data-elementor-lightbox-slideshow=\"3926e0e\" data-elementor-lightbox-title=\"DSC00131\" href=\"https:\/\/suncityworkshop.xyz\/wp-content\/uploads\/2021\/09\/DSC00131-scaled.jpg\"><figure class=\"swiper-slide-inner\"><img class=\"swiper-slide-image\" src=\"https:\/\/suncityworkshop.xyz\/wp-content\/uploads\/2021\/09\/DSC00131-300x200.jpg\" alt=\"DSC00131\" \/><\/figure><\/a><\/div><div class=\"swiper-slide\"><a data-elementor-open-lightbox=\"yes\" data-elementor-lightbox-slideshow=\"3926e0e\" data-elementor-lightbox-title=\"DSC00140\" href=\"https:\/\/suncityworkshop.xyz\/wp-content\/uploads\/2021\/09\/DSC00140-scaled.jpg\"><figure class=\"swiper-slide-inner\"><img class=\"swiper-slide-image\" src=\"https:\/\/suncityworkshop.xyz\/wp-content\/uploads\/2021\/09\/DSC00140-200x300.jpg\" alt=\"DSC00140\" \/><\/figure><\/a><\/div>\t\t\t<\/div>\n\t\t\t\t\t\t\t\t\t\t\t\t<div class=\"swiper-pagination\"><\/div>\n\t\t\t\t\t\t\t\t\t\t\t\t\t<div class=\"elementor-swiper-button elementor-swiper-button-prev\">\n\t\t\t\t\t\t<i class=\"eicon-chevron-left\" aria-hidden=\"true\"><\/i>\n\t\t\t\t\t\t<span class=\"elementor-screen-only\">Previous<\/span>\n\t\t\t\t\t<\/div>\n\t\t\t\t\t<div class=\"elementor-swiper-button elementor-swiper-button-next\">\n\t\t\t\t\t\t<i class=\"eicon-chevron-right\" aria-hidden=\"true\"><\/i>\n\t\t\t\t\t\t<span class=\"elementor-screen-only\">Next<\/span>\n\t\t\t\t\t<\/div>\n\t\t\t\t\t\t\t\t\t<\/div>\n\t\t\t\t<\/div>\n\t\t\t\t<\/div>\n\t\t\t\t\t<\/div>\n\t\t<\/div>\n\t\t\t\t\t\t\t<\/div>\n\t\t<\/section>\n\t\t\t\t<section class=\"elementor-section elementor-top-section elementor-element elementor-element-52a61de elementor-section-boxed elementor-section-height-default elementor-section-height-default\" data-id=\"52a61de\" data-element_type=\"section\">\n\t\t\t\t\t\t<div class=\"elementor-container elementor-column-gap-default\">\n\t\t\t\t\t<div class=\"elementor-column elementor-col-100 elementor-top-column elementor-element elementor-element-367edcb\" data-id=\"367edcb\" data-element_type=\"column\">\n\t\t\t<div class=\"elementor-widget-wrap\">\n\t\t\t\t\t\t\t\t\t<\/div>\n\t\t<\/div>\n\t\t\t\t\t\t\t<\/div>\n\t\t<\/section>\n\t\t\t\t\t\t<\/div>\n\t\t\t\t\t<\/div>\n\t\t","protected":false},"excerpt":{"rendered":"<p>Gaminame CNC frezavimo stakles su automatiniu \u012franki\u0173 keitimu (ATC), vakuuminiu stalu, pneumatin\u0117mis atramomis. Stakl\u0117s yra masyvios, pagamintos i\u0161 storasieni\u0173 vamzd\u017ei\u0173 8mm, visos kreipian\u010di\u0173j\u0173, krumpliastiebi\u0173 plok\u0161tumos \u2013 frezuotos. Kreipian\u010di\u0105sias, guolius, krumpliastiebius su krumpliara\u010diais naudojame gamintojo HIWIN ir Apex Dynamics . Servo varikliai su planetiniais reduktoriais, kuri\u0173 tikslumas yra iki 5 arc\/min.&nbsp; Yra galimyb\u0117 gaminti \u012fvairi\u0173 matmen\u0173&hellip;<\/p>\n","protected":false},"author":1,"featured_media":298,"parent":0,"menu_order":0,"comment_status":"closed","ping_status":"closed","template":"","meta":{"om_disable_all_campaigns":false,"_monsterinsights_skip_tracking":false,"_monsterinsights_sitenote_active":false,"_monsterinsights_sitenote_note":"","_monsterinsights_sitenote_category":0},"_links":{"self":[{"href":"https:\/\/suncityworkshop.xyz\/index.php\/wp-json\/wp\/v2\/pages\/95"}],"collection":[{"href":"https:\/\/suncityworkshop.xyz\/index.php\/wp-json\/wp\/v2\/pages"}],"about":[{"href":"https:\/\/suncityworkshop.xyz\/index.php\/wp-json\/wp\/v2\/types\/page"}],"author":[{"embeddable":true,"href":"https:\/\/suncityworkshop.xyz\/index.php\/wp-json\/wp\/v2\/users\/1"}],"replies":[{"embeddable":true,"href":"https:\/\/suncityworkshop.xyz\/index.php\/wp-json\/wp\/v2\/comments?post=95"}],"version-history":[{"count":17,"href":"https:\/\/suncityworkshop.xyz\/index.php\/wp-json\/wp\/v2\/pages\/95\/revisions"}],"predecessor-version":[{"id":360,"href":"https:\/\/suncityworkshop.xyz\/index.php\/wp-json\/wp\/v2\/pages\/95\/revisions\/360"}],"wp:featuredmedia":[{"embeddable":true,"href":"https:\/\/suncityworkshop.xyz\/index.php\/wp-json\/wp\/v2\/media\/298"}],"wp:attachment":[{"href":"https:\/\/suncityworkshop.xyz\/index.php\/wp-json\/wp\/v2\/media?parent=95"}],"curies":[{"name":"wp","href":"https:\/\/api.w.org\/{rel}","templated":true}]}}