{"id":58,"date":"2018-10-23T08:26:27","date_gmt":"2018-10-23T08:26:27","guid":{"rendered":"https:\/\/futuriodemos.com\/default-demo\/?page_id=58"},"modified":"2021-09-11T10:48:02","modified_gmt":"2021-09-11T10:48:02","slug":"about","status":"publish","type":"page","link":"https:\/\/suncityworkshop.xyz\/index.php\/about\/","title":{"rendered":"Apie mus"},"content":{"rendered":"\t\t<div data-elementor-type=\"wp-post\" data-elementor-id=\"58\" class=\"elementor elementor-58\" data-elementor-settings=\"[]\">\n\t\t\t\t\t\t\t<div class=\"elementor-section-wrap\">\n\t\t\t\t\t\t\t<section class=\"elementor-section elementor-top-section elementor-element elementor-element-5e8428f3 elementor-section-boxed elementor-section-height-default elementor-section-height-default\" data-id=\"5e8428f3\" data-element_type=\"section\" data-settings=\"{&quot;background_background&quot;:&quot;classic&quot;,&quot;shape_divider_bottom&quot;:&quot;mountains&quot;}\">\n\t\t\t\t\t\t\t<div class=\"elementor-background-overlay\"><\/div>\n\t\t\t\t\t\t<div class=\"elementor-shape elementor-shape-bottom\" data-negative=\"false\">\n\t\t\t<svg xmlns=\"http:\/\/www.w3.org\/2000\/svg\" viewBox=\"0 0 1000 100\" preserveAspectRatio=\"none\">\n\t<path class=\"elementor-shape-fill\" opacity=\"0.33\" d=\"M473,67.3c-203.9,88.3-263.1-34-320.3,0C66,119.1,0,59.7,0,59.7V0h1000v59.7 c0,0-62.1,26.1-94.9,29.3c-32.8,3.3-62.8-12.3-75.8-22.1C806,49.6,745.3,8.7,694.9,4.7S492.4,59,473,67.3z\"\/>\n\t<path class=\"elementor-shape-fill\" opacity=\"0.66\" d=\"M734,67.3c-45.5,0-77.2-23.2-129.1-39.1c-28.6-8.7-150.3-10.1-254,39.1 s-91.7-34.4-149.2,0C115.7,118.3,0,39.8,0,39.8V0h1000v36.5c0,0-28.2-18.5-92.1-18.5C810.2,18.1,775.7,67.3,734,67.3z\"\/>\n\t<path class=\"elementor-shape-fill\" d=\"M766.1,28.9c-200-57.5-266,65.5-395.1,19.5C242,1.8,242,5.4,184.8,20.6C128,35.8,132.3,44.9,89.9,52.5C28.6,63.7,0,0,0,0 h1000c0,0-9.9,40.9-83.6,48.1S829.6,47,766.1,28.9z\"\/>\n<\/svg>\t\t<\/div>\n\t\t\t\t\t<div class=\"elementor-container elementor-column-gap-default\">\n\t\t\t\t\t<div class=\"elementor-column elementor-col-100 elementor-top-column elementor-element elementor-element-1a6aa194\" data-id=\"1a6aa194\" data-element_type=\"column\">\n\t\t\t<div class=\"elementor-widget-wrap elementor-element-populated\">\n\t\t\t\t\t\t\t\t<div class=\"elementor-element elementor-element-7b50723 elementor-widget elementor-widget-heading\" data-id=\"7b50723\" data-element_type=\"widget\" data-widget_type=\"heading.default\">\n\t\t\t\t<div class=\"elementor-widget-container\">\n\t\t\t<h2 class=\"elementor-heading-title elementor-size-default\">Apie mus<\/h2>\t\t<\/div>\n\t\t\t\t<\/div>\n\t\t\t\t<div class=\"elementor-element elementor-element-1c25a6a1 elementor-widget-divider--view-line elementor-widget elementor-widget-divider\" data-id=\"1c25a6a1\" data-element_type=\"widget\" data-widget_type=\"divider.default\">\n\t\t\t\t<div class=\"elementor-widget-container\">\n\t\t\t\t\t<div class=\"elementor-divider\">\n\t\t\t<span class=\"elementor-divider-separator\">\n\t\t\t\t\t\t<\/span>\n\t\t<\/div>\n\t\t\t\t<\/div>\n\t\t\t\t<\/div>\n\t\t\t\t<div class=\"elementor-element elementor-element-26838dc6 elementor-widget elementor-widget-text-editor\" data-id=\"26838dc6\" data-element_type=\"widget\" data-widget_type=\"text-editor.default\">\n\t\t\t\t<div class=\"elementor-widget-container\">\n\t\t\t\t\t\t\t\t<p><strong>UAB \u201eT\u0105\u0161elis\u201c<\/strong> 2013 metais prad\u0117jusi savo veikl\u0105 jau daug met\u0173 s\u0117kmingai dirba baldini\u0173 plok\u0161\u010di\u0173 frezavimo srityje.<\/p><p>\u00a0<\/p><p>Nuo 2021 met\u0173 prad\u0117ta teikti CNC frezavimo stakli\u0173 gaminimo paslauga.<\/p><p>\u00a0<\/p><p>Nuo 2021 met\u0173 prad\u0117ta teikti ir metalo gamini\u0173 frezavimo paslauga.<\/p><p>\u00a0<\/p><p><strong>M\u016bs\u0173 kompanijos s\u0117km\u0117s garantas<\/strong> \u2013 profesionalumas, energingas ir sutelktas kolektyvas bei geb\u0117jimas pasi\u016blyti u\u017esakovui produktyviausi\u0105 ir naudingiausi\u0105 pasirinkim\u0105. Dirbdami su klientu akcentuojame individual\u0173 po\u017ei\u016br\u012f, vykdome nestandartinius u\u017esakymus, palaikome i\u0161liekam\u0105j\u012f ry\u0161\u012f stakli\u0173 aptarnavime.<\/p>\t\t\t\t\t\t<\/div>\n\t\t\t\t<\/div>\n\t\t\t\t\t<\/div>\n\t\t<\/div>\n\t\t\t\t\t\t\t<\/div>\n\t\t<\/section>\n\t\t\t\t\t\t<\/div>\n\t\t\t\t\t<\/div>\n\t\t","protected":false},"excerpt":{"rendered":"<p>Apie mus UAB \u201eT\u0105\u0161elis\u201c 2013 metais prad\u0117jusi savo veikl\u0105 jau daug met\u0173 s\u0117kmingai dirba baldini\u0173 plok\u0161\u010di\u0173 frezavimo srityje. \u00a0 Nuo 2021 met\u0173 prad\u0117ta teikti CNC frezavimo stakli\u0173 gaminimo paslauga. \u00a0 Nuo 2021 met\u0173 prad\u0117ta teikti ir metalo gamini\u0173 frezavimo paslauga. \u00a0 M\u016bs\u0173 kompanijos s\u0117km\u0117s garantas \u2013 profesionalumas, energingas ir sutelktas kolektyvas bei geb\u0117jimas pasi\u016blyti u\u017esakovui&hellip;<\/p>\n","protected":false},"author":1,"featured_media":299,"parent":0,"menu_order":0,"comment_status":"closed","ping_status":"closed","template":"","meta":{"om_disable_all_campaigns":false,"_monsterinsights_skip_tracking":false,"_monsterinsights_sitenote_active":false,"_monsterinsights_sitenote_note":"","_monsterinsights_sitenote_category":0},"_links":{"self":[{"href":"https:\/\/suncityworkshop.xyz\/index.php\/wp-json\/wp\/v2\/pages\/58"}],"collection":[{"href":"https:\/\/suncityworkshop.xyz\/index.php\/wp-json\/wp\/v2\/pages"}],"about":[{"href":"https:\/\/suncityworkshop.xyz\/index.php\/wp-json\/wp\/v2\/types\/page"}],"author":[{"embeddable":true,"href":"https:\/\/suncityworkshop.xyz\/index.php\/wp-json\/wp\/v2\/users\/1"}],"replies":[{"embeddable":true,"href":"https:\/\/suncityworkshop.xyz\/index.php\/wp-json\/wp\/v2\/comments?post=58"}],"version-history":[{"count":16,"href":"https:\/\/suncityworkshop.xyz\/index.php\/wp-json\/wp\/v2\/pages\/58\/revisions"}],"predecessor-version":[{"id":340,"href":"https:\/\/suncityworkshop.xyz\/index.php\/wp-json\/wp\/v2\/pages\/58\/revisions\/340"}],"wp:featuredmedia":[{"embeddable":true,"href":"https:\/\/suncityworkshop.xyz\/index.php\/wp-json\/wp\/v2\/media\/299"}],"wp:attachment":[{"href":"https:\/\/suncityworkshop.xyz\/index.php\/wp-json\/wp\/v2\/media?parent=58"}],"curies":[{"name":"wp","href":"https:\/\/api.w.org\/{rel}","templated":true}]}}