{"id":104,"date":"2018-10-24T04:06:51","date_gmt":"2018-10-24T04:06:51","guid":{"rendered":"https:\/\/futuriodemos.com\/default-demo\/?page_id=104"},"modified":"2021-09-11T11:30:40","modified_gmt":"2021-09-11T11:30:40","slug":"custom-featured-image-height","status":"publish","type":"page","link":"https:\/\/suncityworkshop.xyz\/index.php\/custom-featured-image-height\/","title":{"rendered":"Baldini\u0173 plok\u0161\u010di\u0173 frezavimas"},"content":{"rendered":"\t\t<div data-elementor-type=\"wp-page\" data-elementor-id=\"104\" class=\"elementor elementor-104\" data-elementor-settings=\"[]\">\n\t\t\t\t\t\t\t<div class=\"elementor-section-wrap\">\n\t\t\t\t\t\t\t<section class=\"elementor-section elementor-top-section elementor-element elementor-element-75624a58 elementor-section-boxed elementor-section-height-default elementor-section-height-default\" data-id=\"75624a58\" data-element_type=\"section\">\n\t\t\t\t\t\t<div class=\"elementor-container elementor-column-gap-default\">\n\t\t\t\t\t<div class=\"elementor-column elementor-col-100 elementor-top-column elementor-element elementor-element-3f2df6ce\" data-id=\"3f2df6ce\" data-element_type=\"column\">\n\t\t\t<div class=\"elementor-widget-wrap elementor-element-populated\">\n\t\t\t\t\t\t\t\t<div class=\"elementor-element elementor-element-136a7561 elementor-widget elementor-widget-text-editor\" data-id=\"136a7561\" data-element_type=\"widget\" data-widget_type=\"text-editor.default\">\n\t\t\t\t<div class=\"elementor-widget-container\">\n\t\t\t\t\t\t\t\t<p>Frezuojame, pjauname, graviruojame \u012fvairias med\u017eiagas. Jei neturite br\u0117\u017einio ne b\u0117da \u2013 pagal pateikt\u0105 eskiz\u0105 paruo\u0161ime br\u0117\u017ein\u012f. Darbinio stalo matmenys 2250mm x 4500mm.<\/p>\n<p><\/p>\n<p>Pagal pateiktus br\u0117\u017einius, arba galime nubrai\u017eyti, 2D &#8211; 3D b\u016bdais.<\/p>\n<p style=\"text-align: left; padding-left: 440px;\">GAMINAME IR MA\u017dUS KIEKIUS.<\/p><p style=\"text-align: left; padding-left: 440px;\"><br><\/p>\n<p><\/p>\n<p style=\"text-align: left; padding-left: 440px;\">Galime apdirbti \u0161ias med\u017eiagas:&nbsp;<\/p>\n<ul>\n<li style=\"list-style-type: none;\">\n<ul>\n<li style=\"list-style-type: none;\">\n<ul>\n<li style=\"list-style-type: none;\">\n<ul>\n<li style=\"list-style-type: none;\">\n<ul>\n<li style=\"list-style-type: none;\">\n<ul>\n<li style=\"list-style-type: none;\">\n<ul>\n<li style=\"list-style-type: none;\">\n<ul>\n<li style=\"list-style-type: none;\">\n<ul>\n<li style=\"list-style-type: none;\">\n<ul>\n<li style=\"list-style-type: none;\">\n<ul>\n<li style=\"list-style-type: none;\">\n<ul>\n<li style=\"text-align: left;\">Anglies pluo\u0161t\u0105;<\/li>\n<li style=\"text-align: left;\">Faner\u0105;<\/li>\n<li style=\"text-align: left;\">Med\u017eio dulki\u0173 plok\u0161tes;<\/li>\n<li style=\"text-align: left;\">Med\u017eio dro\u017eli\u0173 plok\u0161tes (MDP);&nbsp;<\/li>\n<li style=\"text-align: left;\">Laminuotas med\u017eio dro\u017eli\u0173 plok\u0161tes (LMDP);&nbsp;<\/li>\n<li style=\"text-align: left;\">Med\u017eio masyv\u0105;&nbsp;<\/li>\n<li style=\"text-align: left;\">OSB plok\u0161tes;&nbsp;<\/li>\n<li style=\"text-align: left;\">Aliuminio kompozitines plok\u0161tes (AKP);&nbsp;<\/li>\n<li style=\"text-align: left;\">Organin\u012f stikl\u0105 (PMMA);&nbsp;<\/li>\n<li style=\"text-align: left;\">Polikarbonat\u0105;&nbsp;<\/li>\n<li style=\"text-align: left;\">Techninius plastikus;&nbsp;<\/li>\n<li style=\"text-align: left;\">PVC plok\u0161tes;<\/li>\n<li style=\"text-align: left;\">Put\u0173 polistirol\u0105;<\/li>\n<li style=\"text-align: left;\">Aliumin\u012f;&nbsp;<\/li>\n<li style=\"text-align: left;\">Kitas med\u017eiagas (teirautis asmeni\u0161kai).<\/li>\n<\/ul>\n<\/li>\n<\/ul>\n<\/li>\n<\/ul>\n<\/li>\n<\/ul>\n<\/li>\n<\/ul>\n<\/li>\n<\/ul>\n<\/li>\n<\/ul>\n<\/li>\n<\/ul>\n<\/li>\n<\/ul>\n<\/li>\n<\/ul>\n<\/li>\n<\/ul>\n<\/li>\n<\/ul>\t\t\t\t\t\t<\/div>\n\t\t\t\t<\/div>\n\t\t\t\t\t<\/div>\n\t\t<\/div>\n\t\t\t\t\t\t\t<\/div>\n\t\t<\/section>\n\t\t\t\t\t\t<\/div>\n\t\t\t\t\t<\/div>\n\t\t","protected":false},"excerpt":{"rendered":"<p>Frezuojame, pjauname, graviruojame \u012fvairias med\u017eiagas. Jei neturite br\u0117\u017einio ne b\u0117da \u2013 pagal pateikt\u0105 eskiz\u0105 paruo\u0161ime br\u0117\u017ein\u012f. Darbinio stalo matmenys 2250mm x 4500mm. Pagal pateiktus br\u0117\u017einius, arba galime nubrai\u017eyti, 2D &#8211; 3D b\u016bdais. GAMINAME IR MA\u017dUS KIEKIUS. Galime apdirbti \u0161ias med\u017eiagas:&nbsp; Anglies pluo\u0161t\u0105; Faner\u0105; Med\u017eio dulki\u0173 plok\u0161tes; Med\u017eio dro\u017eli\u0173 plok\u0161tes (MDP);&nbsp; Laminuotas med\u017eio dro\u017eli\u0173 plok\u0161tes (LMDP);&nbsp;&hellip;<\/p>\n","protected":false},"author":1,"featured_media":253,"parent":0,"menu_order":0,"comment_status":"closed","ping_status":"closed","template":"","meta":{"om_disable_all_campaigns":false,"_monsterinsights_skip_tracking":false,"_monsterinsights_sitenote_active":false,"_monsterinsights_sitenote_note":"","_monsterinsights_sitenote_category":0},"_links":{"self":[{"href":"https:\/\/suncityworkshop.xyz\/index.php\/wp-json\/wp\/v2\/pages\/104"}],"collection":[{"href":"https:\/\/suncityworkshop.xyz\/index.php\/wp-json\/wp\/v2\/pages"}],"about":[{"href":"https:\/\/suncityworkshop.xyz\/index.php\/wp-json\/wp\/v2\/types\/page"}],"author":[{"embeddable":true,"href":"https:\/\/suncityworkshop.xyz\/index.php\/wp-json\/wp\/v2\/users\/1"}],"replies":[{"embeddable":true,"href":"https:\/\/suncityworkshop.xyz\/index.php\/wp-json\/wp\/v2\/comments?post=104"}],"version-history":[{"count":12,"href":"https:\/\/suncityworkshop.xyz\/index.php\/wp-json\/wp\/v2\/pages\/104\/revisions"}],"predecessor-version":[{"id":346,"href":"https:\/\/suncityworkshop.xyz\/index.php\/wp-json\/wp\/v2\/pages\/104\/revisions\/346"}],"wp:featuredmedia":[{"embeddable":true,"href":"https:\/\/suncityworkshop.xyz\/index.php\/wp-json\/wp\/v2\/media\/253"}],"wp:attachment":[{"href":"https:\/\/suncityworkshop.xyz\/index.php\/wp-json\/wp\/v2\/media?parent=104"}],"curies":[{"name":"wp","href":"https:\/\/api.w.org\/{rel}","templated":true}]}}